{"id":21,"date":"2020-05-06T01:02:45","date_gmt":"2020-05-06T01:02:45","guid":{"rendered":"http:\/\/monabeachwear.com\/index.php\/pagina-de-inicio\/"},"modified":"2020-11-11T17:44:05","modified_gmt":"2020-11-11T17:44:05","slug":"pagina-de-inicio","status":"publish","type":"page","link":"https:\/\/monabeachwear.com\/","title":{"rendered":"P\u00e1gina de inicio"},"content":{"rendered":"<div>Tienes que a\u00f1adir un widget, una fila o un dise\u00f1o preconstruido antes de que puedas ver algo aqu\u00ed. \ud83d\ude42<\/div>","protected":false},"excerpt":{"rendered":"","protected":false},"author":9,"featured_media":0,"parent":0,"menu_order":0,"comment_status":"closed","ping_status":"closed","template":"","meta":[],"_links":{"self":[{"href":"https:\/\/monabeachwear.com\/index.php\/wp-json\/wp\/v2\/pages\/21"}],"collection":[{"href":"https:\/\/monabeachwear.com\/index.php\/wp-json\/wp\/v2\/pages"}],"about":[{"href":"https:\/\/monabeachwear.com\/index.php\/wp-json\/wp\/v2\/types\/page"}],"author":[{"embeddable":true,"href":"https:\/\/monabeachwear.com\/index.php\/wp-json\/wp\/v2\/users\/9"}],"replies":[{"embeddable":true,"href":"https:\/\/monabeachwear.com\/index.php\/wp-json\/wp\/v2\/comments?post=21"}],"version-history":[{"count":18,"href":"https:\/\/monabeachwear.com\/index.php\/wp-json\/wp\/v2\/pages\/21\/revisions"}],"predecessor-version":[{"id":468,"href":"https:\/\/monabeachwear.com\/index.php\/wp-json\/wp\/v2\/pages\/21\/revisions\/468"}],"wp:attachment":[{"href":"https:\/\/monabeachwear.com\/index.php\/wp-json\/wp\/v2\/media?parent=21"}],"curies":[{"name":"wp","href":"https:\/\/api.w.org\/{rel}","templated":true}]}}