{"id":363,"date":"2020-08-10T16:28:35","date_gmt":"2020-08-10T16:28:35","guid":{"rendered":"https:\/\/monabeachwear.com\/?page_id=363"},"modified":"2021-04-09T02:15:36","modified_gmt":"2021-04-09T02:15:36","slug":"ayuda","status":"publish","type":"page","link":"https:\/\/monabeachwear.com\/index.php\/ayuda\/","title":{"rendered":"Ayuda"},"content":{"rendered":"\t\t<div data-elementor-type=\"wp-page\" data-elementor-id=\"363\" class=\"elementor elementor-363\" data-elementor-settings=\"[]\">\n\t\t\t\t\t\t<div class=\"elementor-inner\">\n\t\t\t\t\t\t\t<div class=\"elementor-section-wrap\">\n\t\t\t\t\t\t\t<section class=\"elementor-section elementor-top-section elementor-element elementor-element-18882fd elementor-section-full_width elementor-section-content-middle elementor-section-height-default elementor-section-height-default\" data-id=\"18882fd\" data-element_type=\"section\">\n\t\t\t\t\t\t<div class=\"elementor-container elementor-column-gap-no\">\n\t\t\t\t\t\t\t<div class=\"elementor-row\">\n\t\t\t\t\t<div class=\"elementor-column elementor-col-100 elementor-top-column elementor-element elementor-element-2ba5d36\" data-id=\"2ba5d36\" data-element_type=\"column\">\n\t\t\t<div class=\"elementor-column-wrap\">\n\t\t\t\t\t\t\t<div class=\"elementor-widget-wrap\">\n\t\t\t\t\t\t\t\t<\/div>\n\t\t\t\t\t<\/div>\n\t\t<\/div>\n\t\t\t\t\t\t\t\t<\/div>\n\t\t\t\t\t<\/div>\n\t\t<\/section>\n\t\t\t\t<section class=\"elementor-section elementor-top-section elementor-element elementor-element-41f3140 elementor-section-boxed elementor-section-height-default elementor-section-height-default\" data-id=\"41f3140\" data-element_type=\"section\">\n\t\t\t\t\t\t<div class=\"elementor-container elementor-column-gap-default\">\n\t\t\t\t\t\t\t<div class=\"elementor-row\">\n\t\t\t\t\t<div class=\"elementor-column elementor-col-100 elementor-top-column elementor-element elementor-element-3aeb6f9\" data-id=\"3aeb6f9\" data-element_type=\"column\">\n\t\t\t<div class=\"elementor-column-wrap elementor-element-populated\">\n\t\t\t\t\t\t\t<div class=\"elementor-widget-wrap\">\n\t\t\t\t\t\t<div class=\"elementor-element elementor-element-5a92904 elementor-widget elementor-widget-text-editor\" data-id=\"5a92904\" data-element_type=\"widget\" data-widget_type=\"text-editor.default\">\n\t\t\t\t<div class=\"elementor-widget-container\">\n\t\t\t\t\t<div class=\"elementor-text-editor elementor-clearfix\"><strong>ACERCA DE MONA BEACHWEAR:<\/strong><br>\n<span style=\"color: var( --e-global-color-text );\"> Somos una marca manabita, tenemos nuestros talleres en la ciudad de Manta.<br>\nTrabajamos con mucho amor todos los d\u00edas dise\u00f1ando y confeccionando diferentes modelos de trajes de ba\u00f1o que se acoplen a las tipolog\u00edas de cuerpos de cada mujer, buscando siempre que se sientan c\u00f3modas, seguras y hermosas.<br>\nAdem\u00e1s de nuestros trajes de ba\u00f1o en stock brindamos el servicio de personalizados, si requieres de este servicio puedes contactarte al siguiente n\u00famero 0967269656.<\/span><\/div>\n\t\t\t\t<\/div>\n\t\t\t\t<\/div>\n\t\t\t\t\t\t<\/div>\n\t\t\t\t\t<\/div>\n\t\t<\/div>\n\t\t\t\t\t\t\t\t<\/div>\n\t\t\t\t\t<\/div>\n\t\t<\/section>\n\t\t\t\t<section class=\"elementor-section elementor-top-section elementor-element elementor-element-51e6ea6 elementor-section-boxed elementor-section-height-default elementor-section-height-default\" data-id=\"51e6ea6\" data-element_type=\"section\">\n\t\t\t\t\t\t<div class=\"elementor-container elementor-column-gap-default\">\n\t\t\t\t\t\t\t<div class=\"elementor-row\">\n\t\t\t\t\t<div class=\"elementor-column elementor-col-100 elementor-top-column elementor-element elementor-element-c2d0229\" data-id=\"c2d0229\" data-element_type=\"column\">\n\t\t\t<div class=\"elementor-column-wrap elementor-element-populated\">\n\t\t\t\t\t\t\t<div class=\"elementor-widget-wrap\">\n\t\t\t\t\t\t<div class=\"elementor-element elementor-element-16ee730 elementor-widget elementor-widget-text-editor\" data-id=\"16ee730\" data-element_type=\"widget\" data-widget_type=\"text-editor.default\">\n\t\t\t\t<div class=\"elementor-widget-container\">\n\t\t\t\t\t<div class=\"elementor-text-editor elementor-clearfix\"><strong>GU\u00cdA RAPIDA DE COMPRA<\/strong>\n<p>\n<span style=\"color: var( --e-global-color-text );\">Compra en nuestra tienda online es muy f\u00e1cil.\nEscoge los productos que m\u00e1s te gusten en la talla y color de tu elecci\u00f3n haciendo clic en el bot\u00f3n <strong>A\u00f1adir al carrito.<\/strong><\/span><\/p><\/div>\n\t\t\t\t<\/div>\n\t\t\t\t<\/div>\n\t\t\t\t\t\t<\/div>\n\t\t\t\t\t<\/div>\n\t\t<\/div>\n\t\t\t\t\t\t\t\t<\/div>\n\t\t\t\t\t<\/div>\n\t\t<\/section>\n\t\t\t\t<section class=\"elementor-section elementor-top-section elementor-element elementor-element-0ed3f12 elementor-section-boxed elementor-section-height-default elementor-section-height-default\" data-id=\"0ed3f12\" data-element_type=\"section\">\n\t\t\t\t\t\t<div class=\"elementor-container elementor-column-gap-default\">\n\t\t\t\t\t\t\t<div class=\"elementor-row\">\n\t\t\t\t\t<div class=\"elementor-column elementor-col-100 elementor-top-column elementor-element elementor-element-22502c5\" data-id=\"22502c5\" data-element_type=\"column\">\n\t\t\t<div class=\"elementor-column-wrap elementor-element-populated\">\n\t\t\t\t\t\t\t<div class=\"elementor-widget-wrap\">\n\t\t\t\t\t\t<div class=\"elementor-element elementor-element-73b14cb elementor-widget elementor-widget-image\" data-id=\"73b14cb\" data-element_type=\"widget\" data-widget_type=\"image.default\">\n\t\t\t\t<div class=\"elementor-widget-container\">\n\t\t\t\t\t<div class=\"elementor-image\">\n\t\t\t\t\t\t\t\t\t\t<img width=\"980\" height=\"531\" src=\"https:\/\/monabeachwear.com\/wp-content\/uploads\/2021\/03\/paso-1-1024x555.png\" class=\"attachment-large size-large\" alt=\"\" loading=\"lazy\" srcset=\"https:\/\/monabeachwear.com\/wp-content\/uploads\/2021\/03\/paso-1-1024x555.png 1024w, https:\/\/monabeachwear.com\/wp-content\/uploads\/2021\/03\/paso-1-300x163.png 300w, https:\/\/monabeachwear.com\/wp-content\/uploads\/2021\/03\/paso-1-768x416.png 768w, https:\/\/monabeachwear.com\/wp-content\/uploads\/2021\/03\/paso-1-555x301.png 555w, https:\/\/monabeachwear.com\/wp-content\/uploads\/2021\/03\/paso-1.png 1289w\" sizes=\"(max-width: 980px) 100vw, 980px\" \/>\t\t\t\t\t\t\t\t\t\t\t<\/div>\n\t\t\t\t<\/div>\n\t\t\t\t<\/div>\n\t\t\t\t\t\t<\/div>\n\t\t\t\t\t<\/div>\n\t\t<\/div>\n\t\t\t\t\t\t\t\t<\/div>\n\t\t\t\t\t<\/div>\n\t\t<\/section>\n\t\t\t\t<section class=\"elementor-section elementor-top-section elementor-element elementor-element-ad57f29 elementor-section-boxed elementor-section-height-default elementor-section-height-default\" data-id=\"ad57f29\" data-element_type=\"section\">\n\t\t\t\t\t\t<div class=\"elementor-container elementor-column-gap-default\">\n\t\t\t\t\t\t\t<div class=\"elementor-row\">\n\t\t\t\t\t<div class=\"elementor-column elementor-col-100 elementor-top-column elementor-element elementor-element-9877a17\" data-id=\"9877a17\" data-element_type=\"column\">\n\t\t\t<div class=\"elementor-column-wrap elementor-element-populated\">\n\t\t\t\t\t\t\t<div class=\"elementor-widget-wrap\">\n\t\t\t\t\t\t<div class=\"elementor-element elementor-element-34cbb40 elementor-widget elementor-widget-text-editor\" data-id=\"34cbb40\" data-element_type=\"widget\" data-widget_type=\"text-editor.default\">\n\t\t\t\t<div class=\"elementor-widget-container\">\n\t\t\t\t\t<div class=\"elementor-text-editor elementor-clearfix\"><p>2. Cuando ya has decidido cu\u00e1l va a ser tu compra completa ve al carrito y da clic en <strong>Finalizar compra.<\/strong><\/p><\/div>\n\t\t\t\t<\/div>\n\t\t\t\t<\/div>\n\t\t\t\t\t\t<\/div>\n\t\t\t\t\t<\/div>\n\t\t<\/div>\n\t\t\t\t\t\t\t\t<\/div>\n\t\t\t\t\t<\/div>\n\t\t<\/section>\n\t\t\t\t<section class=\"elementor-section elementor-top-section elementor-element elementor-element-3d3f452 elementor-section-boxed elementor-section-height-default elementor-section-height-default\" data-id=\"3d3f452\" data-element_type=\"section\">\n\t\t\t\t\t\t<div class=\"elementor-container elementor-column-gap-default\">\n\t\t\t\t\t\t\t<div class=\"elementor-row\">\n\t\t\t\t\t<div class=\"elementor-column elementor-col-100 elementor-top-column elementor-element elementor-element-a5a0135\" data-id=\"a5a0135\" data-element_type=\"column\">\n\t\t\t<div class=\"elementor-column-wrap elementor-element-populated\">\n\t\t\t\t\t\t\t<div class=\"elementor-widget-wrap\">\n\t\t\t\t\t\t<div class=\"elementor-element elementor-element-4bdebfa elementor-widget elementor-widget-image\" data-id=\"4bdebfa\" data-element_type=\"widget\" data-widget_type=\"image.default\">\n\t\t\t\t<div class=\"elementor-widget-container\">\n\t\t\t\t\t<div class=\"elementor-image\">\n\t\t\t\t\t\t\t\t\t\t<img width=\"980\" height=\"532\" src=\"https:\/\/monabeachwear.com\/wp-content\/uploads\/2021\/03\/paso-2-1024x556.png\" class=\"attachment-large size-large\" alt=\"\" loading=\"lazy\" srcset=\"https:\/\/monabeachwear.com\/wp-content\/uploads\/2021\/03\/paso-2-1024x556.png 1024w, https:\/\/monabeachwear.com\/wp-content\/uploads\/2021\/03\/paso-2-300x163.png 300w, https:\/\/monabeachwear.com\/wp-content\/uploads\/2021\/03\/paso-2-768x417.png 768w, https:\/\/monabeachwear.com\/wp-content\/uploads\/2021\/03\/paso-2-555x301.png 555w, https:\/\/monabeachwear.com\/wp-content\/uploads\/2021\/03\/paso-2.png 1287w\" sizes=\"(max-width: 980px) 100vw, 980px\" \/>\t\t\t\t\t\t\t\t\t\t\t<\/div>\n\t\t\t\t<\/div>\n\t\t\t\t<\/div>\n\t\t\t\t\t\t<\/div>\n\t\t\t\t\t<\/div>\n\t\t<\/div>\n\t\t\t\t\t\t\t\t<\/div>\n\t\t\t\t\t<\/div>\n\t\t<\/section>\n\t\t\t\t<section class=\"elementor-section elementor-top-section elementor-element elementor-element-77ef168 elementor-section-boxed elementor-section-height-default elementor-section-height-default\" data-id=\"77ef168\" data-element_type=\"section\">\n\t\t\t\t\t\t<div class=\"elementor-container elementor-column-gap-default\">\n\t\t\t\t\t\t\t<div class=\"elementor-row\">\n\t\t\t\t\t<div class=\"elementor-column elementor-col-100 elementor-top-column elementor-element elementor-element-247ad2e\" data-id=\"247ad2e\" data-element_type=\"column\">\n\t\t\t<div class=\"elementor-column-wrap elementor-element-populated\">\n\t\t\t\t\t\t\t<div class=\"elementor-widget-wrap\">\n\t\t\t\t\t\t<div class=\"elementor-element elementor-element-3e6772d elementor-widget elementor-widget-text-editor\" data-id=\"3e6772d\" data-element_type=\"widget\" data-widget_type=\"text-editor.default\">\n\t\t\t\t<div class=\"elementor-widget-container\">\n\t\t\t\t\t<div class=\"elementor-text-editor elementor-clearfix\"><p>3. Completa los datos de facturaci\u00f3n y envi\u00f3.<\/p><\/div>\n\t\t\t\t<\/div>\n\t\t\t\t<\/div>\n\t\t\t\t\t\t<\/div>\n\t\t\t\t\t<\/div>\n\t\t<\/div>\n\t\t\t\t\t\t\t\t<\/div>\n\t\t\t\t\t<\/div>\n\t\t<\/section>\n\t\t\t\t<section class=\"elementor-section elementor-top-section elementor-element elementor-element-c74d1e9 elementor-section-boxed elementor-section-height-default elementor-section-height-default\" data-id=\"c74d1e9\" data-element_type=\"section\">\n\t\t\t\t\t\t<div class=\"elementor-container elementor-column-gap-default\">\n\t\t\t\t\t\t\t<div class=\"elementor-row\">\n\t\t\t\t\t<div class=\"elementor-column elementor-col-100 elementor-top-column elementor-element elementor-element-8d3d8df\" data-id=\"8d3d8df\" data-element_type=\"column\">\n\t\t\t<div class=\"elementor-column-wrap elementor-element-populated\">\n\t\t\t\t\t\t\t<div class=\"elementor-widget-wrap\">\n\t\t\t\t\t\t<div class=\"elementor-element elementor-element-cf381b0 elementor-widget elementor-widget-image\" data-id=\"cf381b0\" data-element_type=\"widget\" data-widget_type=\"image.default\">\n\t\t\t\t<div class=\"elementor-widget-container\">\n\t\t\t\t\t<div class=\"elementor-image\">\n\t\t\t\t\t\t\t\t\t\t<img width=\"980\" height=\"531\" src=\"https:\/\/monabeachwear.com\/wp-content\/uploads\/2021\/03\/paso-3-1024x555.png\" class=\"attachment-large size-large\" alt=\"\" loading=\"lazy\" srcset=\"https:\/\/monabeachwear.com\/wp-content\/uploads\/2021\/03\/paso-3-1024x555.png 1024w, https:\/\/monabeachwear.com\/wp-content\/uploads\/2021\/03\/paso-3-300x162.png 300w, https:\/\/monabeachwear.com\/wp-content\/uploads\/2021\/03\/paso-3-768x416.png 768w, https:\/\/monabeachwear.com\/wp-content\/uploads\/2021\/03\/paso-3-555x301.png 555w, https:\/\/monabeachwear.com\/wp-content\/uploads\/2021\/03\/paso-3.png 1287w\" sizes=\"(max-width: 980px) 100vw, 980px\" \/>\t\t\t\t\t\t\t\t\t\t\t<\/div>\n\t\t\t\t<\/div>\n\t\t\t\t<\/div>\n\t\t\t\t\t\t<\/div>\n\t\t\t\t\t<\/div>\n\t\t<\/div>\n\t\t\t\t\t\t\t\t<\/div>\n\t\t\t\t\t<\/div>\n\t\t<\/section>\n\t\t\t\t<section class=\"elementor-section elementor-top-section elementor-element elementor-element-1e00e1c elementor-section-boxed elementor-section-height-default elementor-section-height-default\" data-id=\"1e00e1c\" data-element_type=\"section\">\n\t\t\t\t\t\t<div class=\"elementor-container elementor-column-gap-default\">\n\t\t\t\t\t\t\t<div class=\"elementor-row\">\n\t\t\t\t\t<div class=\"elementor-column elementor-col-100 elementor-top-column elementor-element elementor-element-1b08fc3\" data-id=\"1b08fc3\" data-element_type=\"column\">\n\t\t\t<div class=\"elementor-column-wrap elementor-element-populated\">\n\t\t\t\t\t\t\t<div class=\"elementor-widget-wrap\">\n\t\t\t\t\t\t<div class=\"elementor-element elementor-element-f603f7e elementor-widget elementor-widget-text-editor\" data-id=\"f603f7e\" data-element_type=\"widget\" data-widget_type=\"text-editor.default\">\n\t\t\t\t<div class=\"elementor-widget-container\">\n\t\t\t\t\t<div class=\"elementor-text-editor elementor-clearfix\"><p>4. Selecciona la forma de pago y listo \u201cMuchas gracias por tu compra\u201d.<\/p><\/div>\n\t\t\t\t<\/div>\n\t\t\t\t<\/div>\n\t\t\t\t\t\t<\/div>\n\t\t\t\t\t<\/div>\n\t\t<\/div>\n\t\t\t\t\t\t\t\t<\/div>\n\t\t\t\t\t<\/div>\n\t\t<\/section>\n\t\t\t\t<section class=\"elementor-section elementor-top-section elementor-element elementor-element-2471859 elementor-section-boxed elementor-section-height-default elementor-section-height-default\" data-id=\"2471859\" data-element_type=\"section\">\n\t\t\t\t\t\t<div class=\"elementor-container elementor-column-gap-default\">\n\t\t\t\t\t\t\t<div class=\"elementor-row\">\n\t\t\t\t\t<div class=\"elementor-column elementor-col-100 elementor-top-column elementor-element elementor-element-803aeaa\" data-id=\"803aeaa\" data-element_type=\"column\">\n\t\t\t<div class=\"elementor-column-wrap elementor-element-populated\">\n\t\t\t\t\t\t\t<div class=\"elementor-widget-wrap\">\n\t\t\t\t\t\t<div class=\"elementor-element elementor-element-63c9658 elementor-widget elementor-widget-text-editor\" data-id=\"63c9658\" data-element_type=\"widget\" data-widget_type=\"text-editor.default\">\n\t\t\t\t<div class=\"elementor-widget-container\">\n\t\t\t\t\t<div class=\"elementor-text-editor elementor-clearfix\"><strong>FORMAS DE PAGO<\/strong><br>\nContamos con dos formas de pago.<br>\nPuedes seleccionar la opci\u00f3n <strong>Transferencia bancaria directa<\/strong> y te llegara un correo con toda la informaci\u00f3n de nuestras cuentas bancarias para que puedas realizar una transferencia o deposito, recuerda que debes responder a este correo con el respectivo comprobante.<br>\nTambi\u00e9n puedes seleccionar la opci\u00f3n <strong>Paymentez <\/strong>y seguir los pasos para realizar tu pago con tu tarjeta de cr\u00e9dito o d\u00e9bito, aceptamos todas las tarjetas.\nNuestra pasarela de pagos <strong>Paymentez <\/strong>cuenta con todos los certificados de seguridad (Las cuotas e intereses dependen del convenio que tenga <strong>Paymentez<\/strong> con cada banco en ese momento.)<br>\n<strong>ENV\u00cdOS<\/strong>:<br>\nLos env\u00edos los hacemos dentro de las 48hs h\u00e1biles de acreditado el pago.<br>\nPara los env\u00edos fuera de la ciudad de Manta trabajamos con una empresa transportista independiente llamada <strong>Tramaco Express <\/strong>y para los env\u00edos dentro de la ciudad trabajamos con <strong>Motomandados<\/strong>.<br>\nLas entregas se realizan de 8 a 17hs.\n<strong>ENV\u00cdO GRATIS<\/strong><br>\nNuestra <strong>PROMO<\/strong> de env\u00edo gratis aplica si realizas una compra por un monto igual o mayor a $ 100.00.<\/div>\n\t\t\t\t<\/div>\n\t\t\t\t<\/div>\n\t\t\t\t\t\t<\/div>\n\t\t\t\t\t<\/div>\n\t\t<\/div>\n\t\t\t\t\t\t\t\t<\/div>\n\t\t\t\t\t<\/div>\n\t\t<\/section>\n\t\t\t\t<section class=\"elementor-section elementor-top-section elementor-element elementor-element-4c15c83 elementor-section-boxed elementor-section-height-default elementor-section-height-default\" data-id=\"4c15c83\" data-element_type=\"section\">\n\t\t\t\t\t\t<div class=\"elementor-container elementor-column-gap-default\">\n\t\t\t\t\t\t\t<div class=\"elementor-row\">\n\t\t\t\t\t<div class=\"elementor-column elementor-col-100 elementor-top-column elementor-element elementor-element-31d7e93\" data-id=\"31d7e93\" data-element_type=\"column\">\n\t\t\t<div class=\"elementor-column-wrap elementor-element-populated\">\n\t\t\t\t\t\t\t<div class=\"elementor-widget-wrap\">\n\t\t\t\t\t\t<div class=\"elementor-element elementor-element-0484a4f elementor-widget elementor-widget-text-editor\" data-id=\"0484a4f\" data-element_type=\"widget\" data-widget_type=\"text-editor.default\">\n\t\t\t\t<div class=\"elementor-widget-container\">\n\t\t\t\t\t<div class=\"elementor-text-editor elementor-clearfix\"><p><strong>ENCUENTRA TU TALLA:<\/strong><br \/>Para confirmar tu talla compara tus medidas en esta tablita:<\/p><\/div>\n\t\t\t\t<\/div>\n\t\t\t\t<\/div>\n\t\t\t\t\t\t<\/div>\n\t\t\t\t\t<\/div>\n\t\t<\/div>\n\t\t\t\t\t\t\t\t<\/div>\n\t\t\t\t\t<\/div>\n\t\t<\/section>\n\t\t\t\t<section class=\"elementor-section elementor-top-section elementor-element elementor-element-a6b32d2 elementor-section-boxed elementor-section-height-default elementor-section-height-default\" data-id=\"a6b32d2\" data-element_type=\"section\">\n\t\t\t\t\t\t<div class=\"elementor-container elementor-column-gap-default\">\n\t\t\t\t\t\t\t<div class=\"elementor-row\">\n\t\t\t\t\t<div class=\"elementor-column elementor-col-100 elementor-top-column elementor-element elementor-element-48a105d\" data-id=\"48a105d\" data-element_type=\"column\">\n\t\t\t<div class=\"elementor-column-wrap elementor-element-populated\">\n\t\t\t\t\t\t\t<div class=\"elementor-widget-wrap\">\n\t\t\t\t\t\t<div class=\"elementor-element elementor-element-c5a1625 elementor-widget elementor-widget-image\" data-id=\"c5a1625\" data-element_type=\"widget\" data-widget_type=\"image.default\">\n\t\t\t\t<div class=\"elementor-widget-container\">\n\t\t\t\t\t<div class=\"elementor-image\">\n\t\t\t\t\t\t\t\t\t\t<img width=\"980\" height=\"733\" src=\"https:\/\/monabeachwear.com\/wp-content\/uploads\/2021\/03\/tabla-de-medidas-1024x766.jpg\" class=\"attachment-large size-large\" alt=\"\" loading=\"lazy\" srcset=\"https:\/\/monabeachwear.com\/wp-content\/uploads\/2021\/03\/tabla-de-medidas-1024x766.jpg 1024w, https:\/\/monabeachwear.com\/wp-content\/uploads\/2021\/03\/tabla-de-medidas-300x224.jpg 300w, https:\/\/monabeachwear.com\/wp-content\/uploads\/2021\/03\/tabla-de-medidas-768x574.jpg 768w, https:\/\/monabeachwear.com\/wp-content\/uploads\/2021\/03\/tabla-de-medidas-1536x1149.jpg 1536w, https:\/\/monabeachwear.com\/wp-content\/uploads\/2021\/03\/tabla-de-medidas-2048x1532.jpg 2048w, https:\/\/monabeachwear.com\/wp-content\/uploads\/2021\/03\/tabla-de-medidas-1320x987.jpg 1320w, https:\/\/monabeachwear.com\/wp-content\/uploads\/2021\/03\/tabla-de-medidas-555x415.jpg 555w\" sizes=\"(max-width: 980px) 100vw, 980px\" \/>\t\t\t\t\t\t\t\t\t\t\t<\/div>\n\t\t\t\t<\/div>\n\t\t\t\t<\/div>\n\t\t\t\t\t\t<\/div>\n\t\t\t\t\t<\/div>\n\t\t<\/div>\n\t\t\t\t\t\t\t\t<\/div>\n\t\t\t\t\t<\/div>\n\t\t<\/section>\n\t\t\t\t\t\t<\/div>\n\t\t\t\t\t\t<\/div>\n\t\t\t\t\t<\/div>\n\t\t","protected":false},"excerpt":{"rendered":"<p>ACERCA DE MONA BEACHWEAR: Somos una marca manabita, tenemos nuestros talleres en la ciudad de Manta. Trabajamos con mucho amor todos los d\u00edas dise\u00f1ando y confeccionando diferentes modelos de trajes de ba\u00f1o que se acoplen a las tipolog\u00edas de cuerpos de cada mujer, buscando siempre que se sientan c\u00f3modas, seguras y hermosas. Adem\u00e1s de nuestros [&hellip;]<\/p>\n","protected":false},"author":1,"featured_media":0,"parent":0,"menu_order":0,"comment_status":"closed","ping_status":"closed","template":"template-contact.php","meta":[],"_links":{"self":[{"href":"https:\/\/monabeachwear.com\/index.php\/wp-json\/wp\/v2\/pages\/363"}],"collection":[{"href":"https:\/\/monabeachwear.com\/index.php\/wp-json\/wp\/v2\/pages"}],"about":[{"href":"https:\/\/monabeachwear.com\/index.php\/wp-json\/wp\/v2\/types\/page"}],"author":[{"embeddable":true,"href":"https:\/\/monabeachwear.com\/index.php\/wp-json\/wp\/v2\/users\/1"}],"replies":[{"embeddable":true,"href":"https:\/\/monabeachwear.com\/index.php\/wp-json\/wp\/v2\/comments?post=363"}],"version-history":[{"count":11,"href":"https:\/\/monabeachwear.com\/index.php\/wp-json\/wp\/v2\/pages\/363\/revisions"}],"predecessor-version":[{"id":619,"href":"https:\/\/monabeachwear.com\/index.php\/wp-json\/wp\/v2\/pages\/363\/revisions\/619"}],"wp:attachment":[{"href":"https:\/\/monabeachwear.com\/index.php\/wp-json\/wp\/v2\/media?parent=363"}],"curies":[{"name":"wp","href":"https:\/\/api.w.org\/{rel}","templated":true}]}}