{"id":717,"date":"2021-04-22T21:41:06","date_gmt":"2021-04-22T21:41:06","guid":{"rendered":"https:\/\/monabeachwear.com\/?post_type=product&#038;p=717"},"modified":"2021-04-23T20:10:40","modified_gmt":"2021-04-23T20:10:40","slug":"crop-top-morea","status":"publish","type":"product","link":"https:\/\/monabeachwear.com\/index.php\/producto\/crop-top-morea\/","title":{"rendered":"CROP TOP MOREA"},"content":{"rendered":"<p>Tela lino de algod\u00f3n, base textil de hilo, composici\u00f3n 80% algod\u00f3n.<\/p>\n","protected":false},"excerpt":{"rendered":"<p>La modelo en la foto mide 1,60mt y usa talla S<\/p>\n","protected":false},"featured_media":709,"template":"","meta":[],"_links":{"self":[{"href":"https:\/\/monabeachwear.com\/index.php\/wp-json\/wp\/v2\/product\/717"}],"collection":[{"href":"https:\/\/monabeachwear.com\/index.php\/wp-json\/wp\/v2\/product"}],"about":[{"href":"https:\/\/monabeachwear.com\/index.php\/wp-json\/wp\/v2\/types\/product"}],"wp:featuredmedia":[{"embeddable":true,"href":"https:\/\/monabeachwear.com\/index.php\/wp-json\/wp\/v2\/media\/709"}],"wp:attachment":[{"href":"https:\/\/monabeachwear.com\/index.php\/wp-json\/wp\/v2\/media?parent=717"}],"curies":[{"name":"wp","href":"https:\/\/api.w.org\/{rel}","templated":true}]}}