{"id":721,"date":"2021-04-22T22:03:55","date_gmt":"2021-04-22T22:03:55","guid":{"rendered":"https:\/\/monabeachwear.com\/?post_type=product&#038;p=721"},"modified":"2021-04-23T20:04:48","modified_gmt":"2021-04-23T20:04:48","slug":"crop-top-bora-bora","status":"publish","type":"product","link":"https:\/\/monabeachwear.com\/index.php\/producto\/crop-top-bora-bora\/","title":{"rendered":"CROP TOP BORA BORA"},"content":{"rendered":"<p>Tela lino de algod\u00f3n, base textil de hilo, composici\u00f3n 80% algod\u00f3n.<\/p>\n","protected":false},"excerpt":{"rendered":"<p>La modelo en la foto mide 1,60mt y usa talla S<\/p>\n","protected":false},"featured_media":707,"template":"","meta":[],"_links":{"self":[{"href":"https:\/\/monabeachwear.com\/index.php\/wp-json\/wp\/v2\/product\/721"}],"collection":[{"href":"https:\/\/monabeachwear.com\/index.php\/wp-json\/wp\/v2\/product"}],"about":[{"href":"https:\/\/monabeachwear.com\/index.php\/wp-json\/wp\/v2\/types\/product"}],"wp:featuredmedia":[{"embeddable":true,"href":"https:\/\/monabeachwear.com\/index.php\/wp-json\/wp\/v2\/media\/707"}],"wp:attachment":[{"href":"https:\/\/monabeachwear.com\/index.php\/wp-json\/wp\/v2\/media?parent=721"}],"curies":[{"name":"wp","href":"https:\/\/api.w.org\/{rel}","templated":true}]}}