{"id":722,"date":"2021-04-22T22:10:51","date_gmt":"2021-04-22T22:10:51","guid":{"rendered":"https:\/\/monabeachwear.com\/?post_type=product&#038;p=722"},"modified":"2021-04-23T20:01:31","modified_gmt":"2021-04-23T20:01:31","slug":"falda-caribe","status":"publish","type":"product","link":"https:\/\/monabeachwear.com\/index.php\/producto\/falda-caribe\/","title":{"rendered":"FALDA CARIBE"},"content":{"rendered":"<p>Tela lino de algod\u00f3n, base textil de hilo, composici\u00f3n 80% algod\u00f3n.<\/p>\n","protected":false},"excerpt":{"rendered":"<p>La modelo en la foto mide 1,60mt y usa talla S<\/p>\n","protected":false},"featured_media":708,"template":"","meta":[],"_links":{"self":[{"href":"https:\/\/monabeachwear.com\/index.php\/wp-json\/wp\/v2\/product\/722"}],"collection":[{"href":"https:\/\/monabeachwear.com\/index.php\/wp-json\/wp\/v2\/product"}],"about":[{"href":"https:\/\/monabeachwear.com\/index.php\/wp-json\/wp\/v2\/types\/product"}],"wp:featuredmedia":[{"embeddable":true,"href":"https:\/\/monabeachwear.com\/index.php\/wp-json\/wp\/v2\/media\/708"}],"wp:attachment":[{"href":"https:\/\/monabeachwear.com\/index.php\/wp-json\/wp\/v2\/media?parent=722"}],"curies":[{"name":"wp","href":"https:\/\/api.w.org\/{rel}","templated":true}]}}