{"id":869,"date":"2021-05-16T21:37:32","date_gmt":"2021-05-16T21:37:32","guid":{"rendered":"https:\/\/monabeachwear.com\/?post_type=product&#038;p=869"},"modified":"2021-05-16T21:58:23","modified_gmt":"2021-05-16T21:58:23","slug":"crop-top-manga-volado-2","status":"publish","type":"product","link":"https:\/\/monabeachwear.com\/index.php\/producto\/crop-top-manga-volado-2\/","title":{"rendered":"CROP TOP MANGA VOLADO"},"content":{"rendered":"<p>Tela lino de algod\u00f3n, base textil de hilo, composici\u00f3n 80% algod\u00f3n.<\/p>\n","protected":false},"excerpt":{"rendered":"<p>La modelo en la foto mide 1,60mt y usa talla S<\/p>\n","protected":false},"featured_media":813,"template":"","meta":[],"_links":{"self":[{"href":"https:\/\/monabeachwear.com\/index.php\/wp-json\/wp\/v2\/product\/869"}],"collection":[{"href":"https:\/\/monabeachwear.com\/index.php\/wp-json\/wp\/v2\/product"}],"about":[{"href":"https:\/\/monabeachwear.com\/index.php\/wp-json\/wp\/v2\/types\/product"}],"wp:featuredmedia":[{"embeddable":true,"href":"https:\/\/monabeachwear.com\/index.php\/wp-json\/wp\/v2\/media\/813"}],"wp:attachment":[{"href":"https:\/\/monabeachwear.com\/index.php\/wp-json\/wp\/v2\/media?parent=869"}],"curies":[{"name":"wp","href":"https:\/\/api.w.org\/{rel}","templated":true}]}}