{"id":876,"date":"2021-05-16T21:53:14","date_gmt":"2021-05-16T21:53:14","guid":{"rendered":"https:\/\/monabeachwear.com\/?post_type=product&#038;p=876"},"modified":"2021-05-16T21:56:47","modified_gmt":"2021-05-16T21:56:47","slug":"pantalon-palazzo-abierto","status":"publish","type":"product","link":"https:\/\/monabeachwear.com\/index.php\/producto\/pantalon-palazzo-abierto\/","title":{"rendered":"PANTALON PALAZZO ABIERTO"},"content":{"rendered":"<p>Tela lino de algod\u00f3n, base textil de hilo, composici\u00f3n 80% algod\u00f3n.<\/p>\n","protected":false},"excerpt":{"rendered":"<p>La modelo en la foto mide 1,60mt y usa talla S<\/p>\n","protected":false},"featured_media":814,"template":"","meta":[],"_links":{"self":[{"href":"https:\/\/monabeachwear.com\/index.php\/wp-json\/wp\/v2\/product\/876"}],"collection":[{"href":"https:\/\/monabeachwear.com\/index.php\/wp-json\/wp\/v2\/product"}],"about":[{"href":"https:\/\/monabeachwear.com\/index.php\/wp-json\/wp\/v2\/types\/product"}],"wp:featuredmedia":[{"embeddable":true,"href":"https:\/\/monabeachwear.com\/index.php\/wp-json\/wp\/v2\/media\/814"}],"wp:attachment":[{"href":"https:\/\/monabeachwear.com\/index.php\/wp-json\/wp\/v2\/media?parent=876"}],"curies":[{"name":"wp","href":"https:\/\/api.w.org\/{rel}","templated":true}]}}