{"id":878,"date":"2021-05-16T21:59:08","date_gmt":"2021-05-16T21:59:08","guid":{"rendered":"https:\/\/monabeachwear.com\/?post_type=product&#038;p=878"},"modified":"2021-05-16T22:02:30","modified_gmt":"2021-05-16T22:02:30","slug":"entero-slim-malaga","status":"publish","type":"product","link":"https:\/\/monabeachwear.com\/index.php\/producto\/entero-slim-malaga\/","title":{"rendered":"ENTERO SLIM MALAGA"},"content":{"rendered":"<p>Base textil con repelencia, evita la absorci\u00f3n de l\u00edquidos y facilita la remoci\u00f3n de part\u00edculas de suciedad. Gracias a la construcci\u00f3n de su tejido act\u00faa como escudo protector contra los rayos uv. Estampado digital. Composici\u00f3n 100% poli\u00e9ster.<\/p>\n<p>Microfibra.- Textil compuesto por un mayor n\u00famero de filamentos que un hilo normal, lo que permite tener un tacto extra suave como segunda piel.<\/p>\n<p>Anti fluido.- Tecnolog\u00eda que repele el agua y evita el paso de salpicaduras accidentales, la cual permanece a trav\u00e9s de los lavados, actuando como un escudo protector de la piel.<\/p>\n<p>Anti rasgado.- Evita el rasgado y rotura de la prenda.<\/p>\n<p>Cloro resistencia.- Tecnolog\u00eda que permite mayor protecci\u00f3n del color al ser expuesto al cloro.<\/p>\n<p>Protecci\u00f3n solar.- Tecnolog\u00eda que evita el paso de los rayos uv, actuando como un escudo protector de la piel.<\/p>\n<p>Transpiraci\u00f3n.- Tecnolog\u00eda que protege al color de la transpiraci\u00f3n.<\/p>\n<p>&nbsp;<\/p>\n<p><img loading=\"lazy\" class=\"alignnone size-medium wp-image-663\" src=\"https:\/\/monabeachwear.com\/wp-content\/uploads\/2021\/04\/Imagen1-300x186.jpg\" alt=\"\" width=\"300\" height=\"186\" srcset=\"https:\/\/monabeachwear.com\/wp-content\/uploads\/2021\/04\/Imagen1-300x186.jpg 300w, https:\/\/monabeachwear.com\/wp-content\/uploads\/2021\/04\/Imagen1-1024x636.jpg 1024w, https:\/\/monabeachwear.com\/wp-content\/uploads\/2021\/04\/Imagen1-768x477.jpg 768w, https:\/\/monabeachwear.com\/wp-content\/uploads\/2021\/04\/Imagen1-1536x954.jpg 1536w, https:\/\/monabeachwear.com\/wp-content\/uploads\/2021\/04\/Imagen1-2048x1271.jpg 2048w, https:\/\/monabeachwear.com\/wp-content\/uploads\/2021\/04\/Imagen1-1320x819.jpg 1320w, https:\/\/monabeachwear.com\/wp-content\/uploads\/2021\/04\/Imagen1-555x345.jpg 555w\" sizes=\"(max-width: 300px) 100vw, 300px\" \/><\/p>\n","protected":false},"excerpt":{"rendered":"<p>La modelo en la foto mide 1,60mt y usa talla S<\/p>\n","protected":false},"featured_media":817,"template":"","meta":[],"_links":{"self":[{"href":"https:\/\/monabeachwear.com\/index.php\/wp-json\/wp\/v2\/product\/878"}],"collection":[{"href":"https:\/\/monabeachwear.com\/index.php\/wp-json\/wp\/v2\/product"}],"about":[{"href":"https:\/\/monabeachwear.com\/index.php\/wp-json\/wp\/v2\/types\/product"}],"wp:featuredmedia":[{"embeddable":true,"href":"https:\/\/monabeachwear.com\/index.php\/wp-json\/wp\/v2\/media\/817"}],"wp:attachment":[{"href":"https:\/\/monabeachwear.com\/index.php\/wp-json\/wp\/v2\/media?parent=878"}],"curies":[{"name":"wp","href":"https:\/\/api.w.org\/{rel}","templated":true}]}}